{"id":252,"date":"2025-03-13T16:56:56","date_gmt":"2025-03-13T16:56:56","guid":{"rendered":"https:\/\/www.tyche.cl\/?page_id=252"},"modified":"2025-12-16T15:26:17","modified_gmt":"2025-12-16T15:26:17","slug":"contacto","status":"publish","type":"page","link":"https:\/\/www.tyche.cl\/?page_id=252","title":{"rendered":"CONT\u00c1CTANOS"},"content":{"rendered":"\t\t<div data-elementor-type=\"wp-page\" data-elementor-id=\"252\" class=\"elementor elementor-252\">\n\t\t\t\t\t\t<section class=\"elementor-section elementor-top-section elementor-element elementor-element-13b62d4d elementor-section-full_width elementor-section-content-middle elementor-section-height-default elementor-section-height-default\" data-id=\"13b62d4d\" data-element_type=\"section\" data-e-type=\"section\" data-settings=\"{&quot;background_background&quot;:&quot;classic&quot;}\">\n\t\t\t\t\t\t<div class=\"elementor-container elementor-column-gap-default\">\n\t\t\t\t\t<header class=\"elementor-column elementor-col-50 elementor-top-column elementor-element elementor-element-47059803\" data-id=\"47059803\" data-element_type=\"column\" data-e-type=\"column\" data-settings=\"{&quot;background_background&quot;:&quot;classic&quot;}\">\n\t\t\t<div class=\"elementor-widget-wrap elementor-element-populated\">\n\t\t\t\t\t\t<div class=\"elementor-element elementor-element-29dffc5e elementor-widget elementor-widget-image\" data-id=\"29dffc5e\" data-element_type=\"widget\" data-e-type=\"widget\" data-widget_type=\"image.default\">\n\t\t\t\t<div class=\"elementor-widget-container\">\n\t\t\t\t\t\t\t\t\t\t\t\t\t\t\t\t<a href=\"http:\/\/tyche.cl\">\n\t\t\t\t\t\t\t<img decoding=\"async\" width=\"150\" height=\"150\" src=\"https:\/\/www.tyche.cl\/wp-content\/uploads\/2025\/03\/logo-tyche-150x150.jpeg\" class=\"attachment-thumbnail size-thumbnail wp-image-220\" alt=\"\" srcset=\"https:\/\/www.tyche.cl\/wp-content\/uploads\/2025\/03\/logo-tyche-150x150.jpeg 150w, https:\/\/www.tyche.cl\/wp-content\/uploads\/2025\/03\/logo-tyche-300x300.jpeg 300w, https:\/\/www.tyche.cl\/wp-content\/uploads\/2025\/03\/logo-tyche-1024x1024.jpeg 1024w, https:\/\/www.tyche.cl\/wp-content\/uploads\/2025\/03\/logo-tyche-768x768.jpeg 768w, https:\/\/www.tyche.cl\/wp-content\/uploads\/2025\/03\/logo-tyche.jpeg 1042w\" sizes=\"(max-width: 150px) 100vw, 150px\" \/>\t\t\t\t\t\t\t\t<\/a>\n\t\t\t\t\t\t\t\t\t\t\t\t\t\t\t<\/div>\n\t\t\t\t<\/div>\n\t\t\t\t\t<\/div>\n\t\t<\/header>\n\t\t\t\t<header class=\"elementor-column elementor-col-50 elementor-top-column elementor-element elementor-element-3aaf437d\" data-id=\"3aaf437d\" data-element_type=\"column\" data-e-type=\"column\" data-settings=\"{&quot;background_background&quot;:&quot;classic&quot;}\">\n\t\t\t<div class=\"elementor-widget-wrap elementor-element-populated\">\n\t\t\t\t\t\t<div class=\"elementor-element elementor-element-365358f0 elementor-widget__width-inherit elementor-widget-tablet__width-inherit elementor-widget-mobile__width-initial elementor-widget elementor-widget-nav-menu\" data-id=\"365358f0\" data-element_type=\"widget\" data-e-type=\"widget\" data-widget_type=\"nav-menu.default\">\n\t\t\t\t<div class=\"elementor-widget-container\">\n\t\t\t\t\t \t\t\t\t<\/div>\n\t\t\t\t<\/div>\n\t\t\t\t\t<\/div>\n\t\t<\/header>\n\t\t\t\t\t<\/div>\n\t\t<\/section>\n\t\t<div class=\"elementor-element elementor-element-21eb7c1 e-flex e-con-boxed e-con e-parent\" data-id=\"21eb7c1\" data-element_type=\"container\" data-e-type=\"container\" data-settings=\"{&quot;background_background&quot;:&quot;classic&quot;}\">\n\t\t\t\t\t<div class=\"e-con-inner\">\n\t\t<div class=\"elementor-element elementor-element-79f2d14 e-con-full e-flex e-con e-child\" data-id=\"79f2d14\" data-element_type=\"container\" data-e-type=\"container\">\n\t\t<div class=\"elementor-element elementor-element-f48bd4e e-flex e-con-boxed e-con e-child\" data-id=\"f48bd4e\" data-element_type=\"container\" data-e-type=\"container\">\n\t\t\t\t\t<div class=\"e-con-inner\">\n\t\t\t\t<div class=\"elementor-element elementor-element-324f904 elementor-widget__width-initial elementor-widget elementor-widget-heading\" data-id=\"324f904\" data-element_type=\"widget\" data-e-type=\"widget\" data-widget_type=\"heading.default\">\n\t\t\t\t<div class=\"elementor-widget-container\">\n\t\t\t\t\t<h2 class=\"elementor-heading-title elementor-size-default\">Cont\u00e1ctanos<\/h2>\t\t\t\t<\/div>\n\t\t\t\t<\/div>\n\t\t\t\t\t<\/div>\n\t\t\t\t<\/div>\n\t\t\t\t<div class=\"elementor-element elementor-element-36bfe08 elementor-widget elementor-widget-text-editor\" data-id=\"36bfe08\" data-element_type=\"widget\" data-e-type=\"widget\" data-widget_type=\"text-editor.default\">\n\t\t\t\t<div class=\"elementor-widget-container\">\n\t\t\t\t\t\t\t\t\t<p>Solicita m\u00e1s informaci\u00f3n, cont\u00e1ctanos a trav\u00e9s de nuestro correo.<\/p><p>Contestaremos todas tus inquietudes.<\/p>\t\t\t\t\t\t\t\t<\/div>\n\t\t\t\t<\/div>\n\t\t\t\t<\/div>\n\t\t\t\t<div class=\"elementor-element elementor-element-a63376a elementor-widget__width-initial elementor-hidden-mobile elementor-widget elementor-widget-image\" data-id=\"a63376a\" data-element_type=\"widget\" data-e-type=\"widget\" data-widget_type=\"image.default\">\n\t\t\t\t<div class=\"elementor-widget-container\">\n\t\t\t\t\t\t\t\t\t\t\t\t\t\t\t<img fetchpriority=\"high\" decoding=\"async\" width=\"745\" height=\"352\" src=\"https:\/\/www.tyche.cl\/wp-content\/uploads\/2025\/03\/Pagina-Web-de-Tyche-15.png\" class=\"attachment-medium_large size-medium_large wp-image-337\" alt=\"\" srcset=\"https:\/\/www.tyche.cl\/wp-content\/uploads\/2025\/03\/Pagina-Web-de-Tyche-15.png 745w, https:\/\/www.tyche.cl\/wp-content\/uploads\/2025\/03\/Pagina-Web-de-Tyche-15-300x142.png 300w\" sizes=\"(max-width: 745px) 100vw, 745px\" \/>\t\t\t\t\t\t\t\t\t\t\t\t\t\t\t<\/div>\n\t\t\t\t<\/div>\n\t\t\t\t\t<\/div>\n\t\t\t\t<\/div>\n\t\t<div class=\"elementor-element elementor-element-89057ed e-flex e-con-boxed e-con e-parent\" data-id=\"89057ed\" data-element_type=\"container\" data-e-type=\"container\">\n\t\t\t\t\t<div class=\"e-con-inner\">\n\t\t\t\t<div class=\"elementor-element elementor-element-b52d046 elementor-widget-divider--view-line elementor-widget elementor-widget-divider\" data-id=\"b52d046\" data-element_type=\"widget\" data-e-type=\"widget\" data-widget_type=\"divider.default\">\n\t\t\t\t<div class=\"elementor-widget-container\">\n\t\t\t\t\t\t\t<div class=\"elementor-divider\">\n\t\t\t<span class=\"elementor-divider-separator\">\n\t\t\t\t\t\t<\/span>\n\t\t<\/div>\n\t\t\t\t\t\t<\/div>\n\t\t\t\t<\/div>\n\t\t\t\t\t<\/div>\n\t\t\t\t<\/div>\n\t\t<div class=\"elementor-element elementor-element-6d1c4c8 e-flex e-con-boxed e-con e-parent\" data-id=\"6d1c4c8\" data-element_type=\"container\" data-e-type=\"container\">\n\t\t\t\t\t<div class=\"e-con-inner\">\n\t\t<div class=\"elementor-element elementor-element-0c16c4d e-con-full e-flex e-con e-child\" data-id=\"0c16c4d\" data-element_type=\"container\" data-e-type=\"container\">\n\t\t<div class=\"elementor-element elementor-element-5500682 e-con-full e-flex e-con e-child\" data-id=\"5500682\" data-element_type=\"container\" data-e-type=\"container\">\n\t\t\t\t<div class=\"elementor-element elementor-element-8e5cb36 elementor-widget__width-initial elementor-widget elementor-widget-text-editor\" data-id=\"8e5cb36\" data-element_type=\"widget\" data-e-type=\"widget\" data-widget_type=\"text-editor.default\">\n\t\t\t\t<div class=\"elementor-widget-container\">\n\t\t\t\t\t\t\t\t\t<p><b style=\"text-align: var(--text-align);\">Correo:<\/b><span style=\"text-align: var(--text-align);\"> info@tyche.com<\/span><\/p><p><b>Oficina<\/b>: 2 2925 5257<\/p><p><b>WhatsApp:<\/b> +56 9 3262 4569<\/p>\t\t\t\t\t\t\t\t<\/div>\n\t\t\t\t<\/div>\n\t\t\t\t<\/div>\n\t\t\t\t<\/div>\n\t\t\t\t<div class=\"elementor-element elementor-element-782a731 elementor-widget elementor-widget-form\" data-id=\"782a731\" data-element_type=\"widget\" data-e-type=\"widget\" data-widget_type=\"form.default\">\n\t\t\t\t<div class=\"elementor-widget-container\">\n\t\t\t\t\t \t\t\t\t<\/div>\n\t\t\t\t<\/div>\n\t\t\t\t\t<\/div>\n\t\t\t\t<\/div>\n\t\t\t\t<section class=\"elementor-section elementor-inner-section elementor-element elementor-element-2bb517e6 elementor-section-full_width elementor-section-height-default elementor-section-height-default\" data-id=\"2bb517e6\" data-element_type=\"section\" data-e-type=\"section\">\n\t\t\t\t\t\t<div class=\"elementor-container elementor-column-gap-default\">\n\t\t\t\t\t<div class=\"elementor-column elementor-col-50 elementor-inner-column elementor-element elementor-element-2e8a7568\" data-id=\"2e8a7568\" data-element_type=\"column\" data-e-type=\"column\" data-settings=\"{&quot;background_background&quot;:&quot;classic&quot;}\">\n\t\t\t<div class=\"elementor-widget-wrap elementor-element-populated\">\n\t\t\t\t\t\t<div class=\"elementor-element elementor-element-3f444843 elementor-widget elementor-widget-image\" data-id=\"3f444843\" data-element_type=\"widget\" data-e-type=\"widget\" data-widget_type=\"image.default\">\n\t\t\t\t<div class=\"elementor-widget-container\">\n\t\t\t\t\t\t\t\t\t\t\t\t\t\t\t<img decoding=\"async\" width=\"300\" height=\"300\" src=\"https:\/\/www.tyche.cl\/wp-content\/uploads\/2025\/03\/logo-tyche-300x300.jpeg\" class=\"attachment-medium size-medium wp-image-220\" alt=\"\" srcset=\"https:\/\/www.tyche.cl\/wp-content\/uploads\/2025\/03\/logo-tyche-300x300.jpeg 300w, https:\/\/www.tyche.cl\/wp-content\/uploads\/2025\/03\/logo-tyche-1024x1024.jpeg 1024w, https:\/\/www.tyche.cl\/wp-content\/uploads\/2025\/03\/logo-tyche-150x150.jpeg 150w, https:\/\/www.tyche.cl\/wp-content\/uploads\/2025\/03\/logo-tyche-768x768.jpeg 768w, https:\/\/www.tyche.cl\/wp-content\/uploads\/2025\/03\/logo-tyche.jpeg 1042w\" sizes=\"(max-width: 300px) 100vw, 300px\" \/>\t\t\t\t\t\t\t\t\t\t\t\t\t\t\t<\/div>\n\t\t\t\t<\/div>\n\t\t\t\t\t<\/div>\n\t\t<\/div>\n\t\t\t\t<div class=\"elementor-column elementor-col-50 elementor-inner-column elementor-element elementor-element-6d7fe669\" data-id=\"6d7fe669\" data-element_type=\"column\" data-e-type=\"column\" data-settings=\"{&quot;background_background&quot;:&quot;classic&quot;}\">\n\t\t\t<div class=\"elementor-widget-wrap elementor-element-populated\">\n\t\t\t\t\t\t<div class=\"elementor-element elementor-element-1c37905d elementor-widget elementor-widget-text-editor\" data-id=\"1c37905d\" data-element_type=\"widget\" data-e-type=\"widget\" data-widget_type=\"text-editor.default\">\n\t\t\t\t<div class=\"elementor-widget-container\">\n\t\t\t\t\t\t\t\t\t<p><b>Correo:<\/b> ventas@tyche.com<\/p>\t\t\t\t\t\t\t\t<\/div>\n\t\t\t\t<\/div>\n\t\t\t\t\t<\/div>\n\t\t<\/div>\n\t\t\t\t\t<\/div>\n\t\t<\/section>\n\t\t\t\t<\/div>\n\t\t","protected":false},"excerpt":{"rendered":"<p>Cont\u00e1ctanos Solicita m\u00e1s informaci\u00f3n, cont\u00e1ctanos a trav\u00e9s de nuestro correo. Contestaremos todas tus inquietudes. Correo: info@tyche.com Oficina: 2 2925 5257 [&hellip;]<\/p>\n","protected":false},"author":2,"featured_media":0,"parent":0,"menu_order":0,"comment_status":"closed","ping_status":"closed","template":"elementor_canvas","meta":{"site-sidebar-layout":"default","site-content-layout":"","ast-site-content-layout":"default","site-content-style":"default","site-sidebar-style":"default","ast-global-header-display":"","ast-banner-title-visibility":"","ast-main-header-display":"","ast-hfb-above-header-display":"","ast-hfb-below-header-display":"","ast-hfb-mobile-header-display":"","site-post-title":"disabled","ast-breadcrumbs-content":"","ast-featured-img":"","footer-sml-layout":"","ast-disable-related-posts":"","theme-transparent-header-meta":"","adv-header-id-meta":"","stick-header-meta":"","header-above-stick-meta":"","header-main-stick-meta":"","header-below-stick-meta":"","astra-migrate-meta-layouts":"default","ast-page-background-enabled":"default","ast-page-background-meta":{"desktop":{"background-color":"var(--ast-global-color-5)","background-image":"","background-repeat":"repeat","background-position":"center center","background-size":"auto","background-attachment":"scroll","background-type":"","background-media":"","overlay-type":"","overlay-color":"","overlay-opacity":"","overlay-gradient":""},"tablet":{"background-color":"","background-image":"","background-repeat":"repeat","background-position":"center center","background-size":"auto","background-attachment":"scroll","background-type":"","background-media":"","overlay-type":"","overlay-color":"","overlay-opacity":"","overlay-gradient":""},"mobile":{"background-color":"","background-image":"","background-repeat":"repeat","background-position":"center center","background-size":"auto","background-attachment":"scroll","background-type":"","background-media":"","overlay-type":"","overlay-color":"","overlay-opacity":"","overlay-gradient":""}},"ast-content-background-meta":{"desktop":{"background-color":"var(--ast-global-color-4)","background-image":"","background-repeat":"repeat","background-position":"center center","background-size":"auto","background-attachment":"scroll","background-type":"","background-media":"","overlay-type":"","overlay-color":"","overlay-opacity":"","overlay-gradient":""},"tablet":{"background-color":"var(--ast-global-color-4)","background-image":"","background-repeat":"repeat","background-position":"center center","background-size":"auto","background-attachment":"scroll","background-type":"","background-media":"","overlay-type":"","overlay-color":"","overlay-opacity":"","overlay-gradient":""},"mobile":{"background-color":"var(--ast-global-color-4)","background-image":"","background-repeat":"repeat","background-position":"center center","background-size":"auto","background-attachment":"scroll","background-type":"","background-media":"","overlay-type":"","overlay-color":"","overlay-opacity":"","overlay-gradient":""}},"footnotes":""},"class_list":["post-252","page","type-page","status-publish","hentry"],"yoast_head":"<!-- This site is optimized with the Yoast SEO plugin v27.4 - https:\/\/yoast.com\/product\/yoast-seo-wordpress\/ -->\n<title>CONT\u00c1CTANOS - Bienvenidos a TYCHE<\/title>\n<meta name=\"robots\" content=\"index, follow, max-snippet:-1, max-image-preview:large, max-video-preview:-1\" \/>\n<link rel=\"canonical\" href=\"https:\/\/www.tyche.cl\/?page_id=252\" \/>\n<meta property=\"og:locale\" content=\"en_US\" \/>\n<meta property=\"og:type\" content=\"article\" \/>\n<meta property=\"og:title\" content=\"CONT\u00c1CTANOS - Bienvenidos a TYCHE\" \/>\n<meta property=\"og:description\" content=\"Cont\u00e1ctanos Solicita m\u00e1s informaci\u00f3n, cont\u00e1ctanos a trav\u00e9s de nuestro correo. Contestaremos todas tus inquietudes. Correo: info@tyche.com Oficina: 2 2925 5257 [&hellip;]\" \/>\n<meta property=\"og:url\" content=\"https:\/\/www.tyche.cl\/?page_id=252\" \/>\n<meta property=\"og:site_name\" content=\"Bienvenidos a TYCHE\" \/>\n<meta property=\"article:modified_time\" content=\"2025-12-16T15:26:17+00:00\" \/>\n<meta property=\"og:image\" content=\"https:\/\/www.tyche.cl\/wp-content\/uploads\/2025\/03\/logo-tyche.jpeg\" \/>\n\t<meta property=\"og:image:width\" content=\"1042\" \/>\n\t<meta property=\"og:image:height\" content=\"1042\" \/>\n\t<meta property=\"og:image:type\" content=\"image\/jpeg\" \/>\n<meta name=\"twitter:card\" content=\"summary_large_image\" \/>\n<meta name=\"twitter:label1\" content=\"Est. reading time\" \/>\n\t<meta name=\"twitter:data1\" content=\"1 minute\" \/>\n<script type=\"application\/ld+json\" class=\"yoast-schema-graph\">{\"@context\":\"https:\\\/\\\/schema.org\",\"@graph\":[{\"@type\":\"WebPage\",\"@id\":\"https:\\\/\\\/www.tyche.cl\\\/?page_id=252\",\"url\":\"https:\\\/\\\/www.tyche.cl\\\/?page_id=252\",\"name\":\"CONT\u00c1CTANOS - Bienvenidos a TYCHE\",\"isPartOf\":{\"@id\":\"https:\\\/\\\/www.tyche.cl\\\/#website\"},\"primaryImageOfPage\":{\"@id\":\"https:\\\/\\\/www.tyche.cl\\\/?page_id=252#primaryimage\"},\"image\":{\"@id\":\"https:\\\/\\\/www.tyche.cl\\\/?page_id=252#primaryimage\"},\"thumbnailUrl\":\"https:\\\/\\\/www.tyche.cl\\\/wp-content\\\/uploads\\\/2025\\\/03\\\/logo-tyche-150x150.jpeg\",\"datePublished\":\"2025-03-13T16:56:56+00:00\",\"dateModified\":\"2025-12-16T15:26:17+00:00\",\"breadcrumb\":{\"@id\":\"https:\\\/\\\/www.tyche.cl\\\/?page_id=252#breadcrumb\"},\"inLanguage\":\"en-US\",\"potentialAction\":[{\"@type\":\"ReadAction\",\"target\":[\"https:\\\/\\\/www.tyche.cl\\\/?page_id=252\"]}]},{\"@type\":\"ImageObject\",\"inLanguage\":\"en-US\",\"@id\":\"https:\\\/\\\/www.tyche.cl\\\/?page_id=252#primaryimage\",\"url\":\"https:\\\/\\\/www.tyche.cl\\\/wp-content\\\/uploads\\\/2025\\\/03\\\/logo-tyche.jpeg\",\"contentUrl\":\"https:\\\/\\\/www.tyche.cl\\\/wp-content\\\/uploads\\\/2025\\\/03\\\/logo-tyche.jpeg\",\"width\":1042,\"height\":1042},{\"@type\":\"BreadcrumbList\",\"@id\":\"https:\\\/\\\/www.tyche.cl\\\/?page_id=252#breadcrumb\",\"itemListElement\":[{\"@type\":\"ListItem\",\"position\":1,\"name\":\"Home\",\"item\":\"https:\\\/\\\/www.tyche.cl\\\/\"},{\"@type\":\"ListItem\",\"position\":2,\"name\":\"CONT\u00c1CTANOS\"}]},{\"@type\":\"WebSite\",\"@id\":\"https:\\\/\\\/www.tyche.cl\\\/#website\",\"url\":\"https:\\\/\\\/www.tyche.cl\\\/\",\"name\":\"Bienvenidos a TYCHE\",\"description\":\"\",\"potentialAction\":[{\"@type\":\"SearchAction\",\"target\":{\"@type\":\"EntryPoint\",\"urlTemplate\":\"https:\\\/\\\/www.tyche.cl\\\/?s={search_term_string}\"},\"query-input\":{\"@type\":\"PropertyValueSpecification\",\"valueRequired\":true,\"valueName\":\"search_term_string\"}}],\"inLanguage\":\"en-US\"}]}<\/script>\n<!-- \/ Yoast SEO plugin. -->","yoast_head_json":{"title":"CONT\u00c1CTANOS - Bienvenidos a TYCHE","robots":{"index":"index","follow":"follow","max-snippet":"max-snippet:-1","max-image-preview":"max-image-preview:large","max-video-preview":"max-video-preview:-1"},"canonical":"https:\/\/www.tyche.cl\/?page_id=252","og_locale":"en_US","og_type":"article","og_title":"CONT\u00c1CTANOS - Bienvenidos a TYCHE","og_description":"Cont\u00e1ctanos Solicita m\u00e1s informaci\u00f3n, cont\u00e1ctanos a trav\u00e9s de nuestro correo. Contestaremos todas tus inquietudes. Correo: info@tyche.com Oficina: 2 2925 5257 [&hellip;]","og_url":"https:\/\/www.tyche.cl\/?page_id=252","og_site_name":"Bienvenidos a TYCHE","article_modified_time":"2025-12-16T15:26:17+00:00","og_image":[{"width":1042,"height":1042,"url":"https:\/\/www.tyche.cl\/wp-content\/uploads\/2025\/03\/logo-tyche.jpeg","type":"image\/jpeg"}],"twitter_card":"summary_large_image","twitter_misc":{"Est. reading time":"1 minute"},"schema":{"@context":"https:\/\/schema.org","@graph":[{"@type":"WebPage","@id":"https:\/\/www.tyche.cl\/?page_id=252","url":"https:\/\/www.tyche.cl\/?page_id=252","name":"CONT\u00c1CTANOS - Bienvenidos a TYCHE","isPartOf":{"@id":"https:\/\/www.tyche.cl\/#website"},"primaryImageOfPage":{"@id":"https:\/\/www.tyche.cl\/?page_id=252#primaryimage"},"image":{"@id":"https:\/\/www.tyche.cl\/?page_id=252#primaryimage"},"thumbnailUrl":"https:\/\/www.tyche.cl\/wp-content\/uploads\/2025\/03\/logo-tyche-150x150.jpeg","datePublished":"2025-03-13T16:56:56+00:00","dateModified":"2025-12-16T15:26:17+00:00","breadcrumb":{"@id":"https:\/\/www.tyche.cl\/?page_id=252#breadcrumb"},"inLanguage":"en-US","potentialAction":[{"@type":"ReadAction","target":["https:\/\/www.tyche.cl\/?page_id=252"]}]},{"@type":"ImageObject","inLanguage":"en-US","@id":"https:\/\/www.tyche.cl\/?page_id=252#primaryimage","url":"https:\/\/www.tyche.cl\/wp-content\/uploads\/2025\/03\/logo-tyche.jpeg","contentUrl":"https:\/\/www.tyche.cl\/wp-content\/uploads\/2025\/03\/logo-tyche.jpeg","width":1042,"height":1042},{"@type":"BreadcrumbList","@id":"https:\/\/www.tyche.cl\/?page_id=252#breadcrumb","itemListElement":[{"@type":"ListItem","position":1,"name":"Home","item":"https:\/\/www.tyche.cl\/"},{"@type":"ListItem","position":2,"name":"CONT\u00c1CTANOS"}]},{"@type":"WebSite","@id":"https:\/\/www.tyche.cl\/#website","url":"https:\/\/www.tyche.cl\/","name":"Bienvenidos a TYCHE","description":"","potentialAction":[{"@type":"SearchAction","target":{"@type":"EntryPoint","urlTemplate":"https:\/\/www.tyche.cl\/?s={search_term_string}"},"query-input":{"@type":"PropertyValueSpecification","valueRequired":true,"valueName":"search_term_string"}}],"inLanguage":"en-US"}]}},"_links":{"self":[{"href":"https:\/\/www.tyche.cl\/index.php?rest_route=\/wp\/v2\/pages\/252","targetHints":{"allow":["GET"]}}],"collection":[{"href":"https:\/\/www.tyche.cl\/index.php?rest_route=\/wp\/v2\/pages"}],"about":[{"href":"https:\/\/www.tyche.cl\/index.php?rest_route=\/wp\/v2\/types\/page"}],"author":[{"embeddable":true,"href":"https:\/\/www.tyche.cl\/index.php?rest_route=\/wp\/v2\/users\/2"}],"replies":[{"embeddable":true,"href":"https:\/\/www.tyche.cl\/index.php?rest_route=%2Fwp%2Fv2%2Fcomments&post=252"}],"version-history":[{"count":15,"href":"https:\/\/www.tyche.cl\/index.php?rest_route=\/wp\/v2\/pages\/252\/revisions"}],"predecessor-version":[{"id":528,"href":"https:\/\/www.tyche.cl\/index.php?rest_route=\/wp\/v2\/pages\/252\/revisions\/528"}],"wp:attachment":[{"href":"https:\/\/www.tyche.cl\/index.php?rest_route=%2Fwp%2Fv2%2Fmedia&parent=252"}],"curies":[{"name":"wp","href":"https:\/\/api.w.org\/{rel}","templated":true}]}}